{"id":416,"date":"2019-05-22T14:15:09","date_gmt":"2019-05-22T13:15:09","guid":{"rendered":"https:\/\/evosges.wordpress.com\/?page_id=416"},"modified":"2024-11-30T16:47:41","modified_gmt":"2024-11-30T15:47:41","slug":"exploitants-agricoles","status":"publish","type":"page","link":"https:\/\/evosges.fr\/index.php\/exploitants-agricoles\/","title":{"rendered":"Exploitants agricoles"},"content":{"rendered":"\n<h3 class=\"wp-block-heading\"><strong>KEVIN LACROIX &#8211; \u00c9LEVAGE LAIT<\/strong><\/h3>\n\n\n\n<figure class=\"wp-block-table\"><table><tbody><tr><td>Nom<\/td><td><strong>Ferme de la Planchette<\/strong><\/td><\/tr><tr><td>Activit\u00e9<\/td><td>Exploitation agricole, \u00e9levage vaches laiti\u00e8res<\/td><\/tr><tr><td>Adresse postale<\/td><td>56 chemin de l&rsquo;\u00c9glise 01230 \u00c9VOSGES<\/td><\/tr><\/tbody><\/table><\/figure>\n\n\n\n<h3 class=\"wp-block-heading\"><strong>CLAUDE JACQUEMET &#8211; \u00c9LEVAGE VIANDE<\/strong><\/h3>\n\n\n\n<figure class=\"wp-block-table\"><table><tbody><tr><td>Nom<\/td><td><strong>JACQUEMET Claude<\/strong><\/td><\/tr><tr><td>Activit\u00e9<\/td><td>Exploitant agricole, \u00e9levage bovins pour viande<\/td><\/tr><tr><td>Adresse postale<\/td><td>80 chemin de l\u2019\u00e9pine 01230&nbsp;\u00c9VOSGES<\/td><\/tr><tr><td>Contact<\/td><td>06 19 93 00 99<\/td><\/tr><\/tbody><\/table><\/figure>\n\n\n\n<h3 class=\"wp-block-heading\"><strong>GAEC DES NARCISSES &#8211; LAURENT ET TANGUY SORBARA &#8211; \u00c9LEVAGE LAIT<\/strong><\/h3>\n\n\n\n<figure class=\"wp-block-table\"><table><tbody><tr><td>Nom<\/td><td><strong>GAEC des Narcisses<\/strong><\/td><\/tr><tr><td>Activit\u00e9<\/td><td>\u00c9levage de vaches laiti\u00e8res<\/td><\/tr><tr><td>Adresse postale<\/td><td>1 chemin de Marchat 01230&nbsp;\u00c9VOSGES<\/td><\/tr><\/tbody><\/table><\/figure>\n\n\n\n<div class=\"wp-block-image\"><figure class=\"aligncenter size-large is-resized\"><img loading=\"lazy\" decoding=\"async\" src=\"https:\/\/evosges.fr\/wp-content\/uploads\/2019\/10\/20160927_164217.jpg?w=695\" alt=\"\" class=\"wp-image-519\" width=\"450\" height=\"347\" srcset=\"https:\/\/evosges.fr\/wp-content\/uploads\/2019\/10\/20160927_164217.jpg 695w, https:\/\/evosges.fr\/wp-content\/uploads\/2019\/10\/20160927_164217-600x463.jpg 600w, https:\/\/evosges.fr\/wp-content\/uploads\/2019\/10\/20160927_164217-300x231.jpg 300w\" sizes=\"auto, (max-width: 450px) 100vw, 450px\" \/><\/figure><\/div>\n\n\n\n<h3 class=\"wp-block-heading\">VINCENT FAVARO &#8211; BUCHERONNAGE<\/h3>\n\n\n\n<figure class=\"wp-block-table\"><table><tbody><tr><td>Nom<\/td><td><strong>Trait D\u00e9bardage Services<\/strong><\/td><\/tr><tr><td>Activit\u00e9<\/td><td>Travaux forestiers<\/td><\/tr><tr><td>Adresse postale<\/td><td>59 C\u00f4te \u00e0 Ferrand 01230 \u00c9VOSGES<\/td><\/tr><tr><td>Contact<\/td><td><strong>FAVARO Vincent<\/strong>&nbsp;: 06 19 18 10 63<\/td><\/tr><tr><td>Adresse mail&nbsp;<\/td><td>traitdebardageservices@nordnet.fr<\/td><\/tr><tr><td>Facebook<\/td><td>VINCENT FAVARO Facebook<\/td><\/tr><tr><td>Informations plus sp\u00e9cifiques et diverses<\/td><td>Abattage, d\u00e9bardage au cheval, d\u00e9bardage m\u00e9canis\u00e9, \u00e9lagage et broyage.<\/td><\/tr><\/tbody><\/table><\/figure>\n\n\n\n<div class=\"wp-block-image\"><figure class=\"aligncenter size-large is-resized\"><img loading=\"lazy\" decoding=\"async\" src=\"https:\/\/evosges.fr\/wp-content\/uploads\/2019\/12\/trait-debardage-001.jpg?w=528\" alt=\"\" class=\"wp-image-817\" width=\"405\" height=\"784\" srcset=\"https:\/\/evosges.fr\/wp-content\/uploads\/2019\/12\/trait-debardage-001.jpg 1161w, https:\/\/evosges.fr\/wp-content\/uploads\/2019\/12\/trait-debardage-001-600x1163.jpg 600w, https:\/\/evosges.fr\/wp-content\/uploads\/2019\/12\/trait-debardage-001-155x300.jpg 155w, https:\/\/evosges.fr\/wp-content\/uploads\/2019\/12\/trait-debardage-001-768x1488.jpg 768w, https:\/\/evosges.fr\/wp-content\/uploads\/2019\/12\/trait-debardage-001-528x1024.jpg 528w\" sizes=\"auto, (max-width: 405px) 100vw, 405px\" \/><\/figure><\/div>\n","protected":false},"excerpt":{"rendered":"<p>KEVIN LACROIX &#8211; \u00c9LEVAGE LAIT Nom Ferme de la Planchette Activit\u00e9 Exploitation agricole, \u00e9levage vaches laiti\u00e8res Adresse postale 56 chemin de l&rsquo;\u00c9glise 01230 \u00c9VOSGES CLAUDE JACQUEMET &#8211; \u00c9LEVAGE VIANDE Nom JACQUEMET Claude Activit\u00e9 Exploitant agricole, \u00e9levage bovins pour viande Adresse postale 80 chemin de l\u2019\u00e9pine 01230&nbsp;\u00c9VOSGES Contact 06 19 93 00 99 GAEC DES NARCISSES<a class=\"more-link\" href=\"https:\/\/evosges.fr\/index.php\/exploitants-agricoles\/\">Lire la suite de <span class=\"screen-reader-text\">\u00ab\u00a0Exploitants agricoles\u00a0\u00bb<\/span><\/a><\/p>\n","protected":false},"author":3,"featured_media":0,"parent":0,"menu_order":0,"comment_status":"closed","ping_status":"closed","template":"","meta":{"footnotes":""},"tags":[],"class_list":["post-416","page","type-page","status-publish","hentry"],"jetpack_sharing_enabled":true,"_links":{"self":[{"href":"https:\/\/evosges.fr\/index.php\/wp-json\/wp\/v2\/pages\/416","targetHints":{"allow":["GET"]}}],"collection":[{"href":"https:\/\/evosges.fr\/index.php\/wp-json\/wp\/v2\/pages"}],"about":[{"href":"https:\/\/evosges.fr\/index.php\/wp-json\/wp\/v2\/types\/page"}],"author":[{"embeddable":true,"href":"https:\/\/evosges.fr\/index.php\/wp-json\/wp\/v2\/users\/3"}],"replies":[{"embeddable":true,"href":"https:\/\/evosges.fr\/index.php\/wp-json\/wp\/v2\/comments?post=416"}],"version-history":[{"count":9,"href":"https:\/\/evosges.fr\/index.php\/wp-json\/wp\/v2\/pages\/416\/revisions"}],"predecessor-version":[{"id":2058,"href":"https:\/\/evosges.fr\/index.php\/wp-json\/wp\/v2\/pages\/416\/revisions\/2058"}],"wp:attachment":[{"href":"https:\/\/evosges.fr\/index.php\/wp-json\/wp\/v2\/media?parent=416"}],"wp:term":[{"taxonomy":"post_tag","embeddable":true,"href":"https:\/\/evosges.fr\/index.php\/wp-json\/wp\/v2\/tags?post=416"}],"curies":[{"name":"wp","href":"https:\/\/api.w.org\/{rel}","templated":true}]}}