{"id":1236,"date":"2022-03-13T14:41:11","date_gmt":"2022-03-13T13:41:11","guid":{"rendered":"https:\/\/evosges.fr\/?post_type=product&#038;p=1236"},"modified":"2026-02-17T09:55:24","modified_gmt":"2026-02-17T08:55:24","slug":"carte-de-peche-a-lannee","status":"publish","type":"product","link":"https:\/\/evosges.fr\/index.php\/produit\/carte-de-peche-a-lannee\/","title":{"rendered":"Carte de p\u00eache Adulte \u00e0 l&rsquo;ann\u00e9e"},"content":{"rendered":"<p>Donne le droit de p\u00eacher toute l&rsquo;ann\u00e9e 2025, droit de p\u00eache pour les nocturnes.<\/p>\n<p><a href=\"https:\/\/evosges.fr\/wp-content\/uploads\/2026\/01\/REGLEMENT-INTERNE-PECHE.pdf\">R\u00e8glement interne de la p\u00eache<\/a><\/p>\n","protected":false},"excerpt":{"rendered":"<p>Donne le droit de p\u00eacher toute l&rsquo;ann\u00e9e 2025, droit de p\u00eache pour les nocturnes. R\u00e8glement interne de la p\u00eache<\/p>\n","protected":false},"featured_media":3436,"template":"","meta":[],"product_brand":[],"product_cat":[26],"product_tag":[],"class_list":{"0":"post-1236","1":"product","2":"type-product","3":"status-publish","4":"has-post-thumbnail","6":"product_cat-peche","8":"first","9":"instock","10":"shipping-taxable","11":"purchasable","12":"product-type-simple"},"jetpack_sharing_enabled":true,"_links":{"self":[{"href":"https:\/\/evosges.fr\/index.php\/wp-json\/wp\/v2\/product\/1236","targetHints":{"allow":["GET"]}}],"collection":[{"href":"https:\/\/evosges.fr\/index.php\/wp-json\/wp\/v2\/product"}],"about":[{"href":"https:\/\/evosges.fr\/index.php\/wp-json\/wp\/v2\/types\/product"}],"wp:featuredmedia":[{"embeddable":true,"href":"https:\/\/evosges.fr\/index.php\/wp-json\/wp\/v2\/media\/3436"}],"wp:attachment":[{"href":"https:\/\/evosges.fr\/index.php\/wp-json\/wp\/v2\/media?parent=1236"}],"wp:term":[{"taxonomy":"product_brand","embeddable":true,"href":"https:\/\/evosges.fr\/index.php\/wp-json\/wp\/v2\/product_brand?post=1236"},{"taxonomy":"product_cat","embeddable":true,"href":"https:\/\/evosges.fr\/index.php\/wp-json\/wp\/v2\/product_cat?post=1236"},{"taxonomy":"product_tag","embeddable":true,"href":"https:\/\/evosges.fr\/index.php\/wp-json\/wp\/v2\/product_tag?post=1236"}],"curies":[{"name":"wp","href":"https:\/\/api.w.org\/{rel}","templated":true}]}}