{"id":1275,"date":"2022-03-23T08:33:59","date_gmt":"2022-03-23T07:33:59","guid":{"rendered":"https:\/\/evosges.fr\/?post_type=product&#038;p=1275"},"modified":"2026-02-17T09:55:56","modified_gmt":"2026-02-17T08:55:56","slug":"carte-de-peche-junior-a-la-journee","status":"publish","type":"product","link":"https:\/\/evosges.fr\/index.php\/produit\/carte-de-peche-junior-a-la-journee\/","title":{"rendered":"Carte de p\u00eache Junior \u00e0 la journ\u00e9e"},"content":{"rendered":"<p>Donne le droit de p\u00eacher une seule journ\u00e9e.<\/p>\n<p><a href=\"https:\/\/evosges.fr\/wp-content\/uploads\/2026\/01\/REGLEMENT-INTERNE-PECHE.pdf\">R\u00e8glement interne de la p\u00eache<\/a><\/p>\n","protected":false},"excerpt":{"rendered":"<p>Donne le droit de p\u00eacher une seule journ\u00e9e. R\u00e8glement interne de la p\u00eache<\/p>\n","protected":false},"featured_media":3435,"template":"","meta":[],"product_brand":[],"product_cat":[26],"product_tag":[],"class_list":{"0":"post-1275","1":"product","2":"type-product","3":"status-publish","4":"has-post-thumbnail","6":"product_cat-peche","8":"first","9":"instock","10":"shipping-taxable","11":"purchasable","12":"product-type-simple"},"jetpack_sharing_enabled":true,"_links":{"self":[{"href":"https:\/\/evosges.fr\/index.php\/wp-json\/wp\/v2\/product\/1275","targetHints":{"allow":["GET"]}}],"collection":[{"href":"https:\/\/evosges.fr\/index.php\/wp-json\/wp\/v2\/product"}],"about":[{"href":"https:\/\/evosges.fr\/index.php\/wp-json\/wp\/v2\/types\/product"}],"wp:featuredmedia":[{"embeddable":true,"href":"https:\/\/evosges.fr\/index.php\/wp-json\/wp\/v2\/media\/3435"}],"wp:attachment":[{"href":"https:\/\/evosges.fr\/index.php\/wp-json\/wp\/v2\/media?parent=1275"}],"wp:term":[{"taxonomy":"product_brand","embeddable":true,"href":"https:\/\/evosges.fr\/index.php\/wp-json\/wp\/v2\/product_brand?post=1275"},{"taxonomy":"product_cat","embeddable":true,"href":"https:\/\/evosges.fr\/index.php\/wp-json\/wp\/v2\/product_cat?post=1275"},{"taxonomy":"product_tag","embeddable":true,"href":"https:\/\/evosges.fr\/index.php\/wp-json\/wp\/v2\/product_tag?post=1275"}],"curies":[{"name":"wp","href":"https:\/\/api.w.org\/{rel}","templated":true}]}}